{"id":22,"date":"2024-03-27T16:16:22","date_gmt":"2024-03-27T15:16:22","guid":{"rendered":"https:\/\/www.kewene-rock.com\/?page_id=22"},"modified":"2024-04-04T18:59:13","modified_gmt":"2024-04-04T17:59:13","slug":"accueil","status":"publish","type":"page","link":"https:\/\/www.kewene-rock.com\/","title":{"rendered":"KEWENE"},"content":{"rendered":"\n<figure class=\"wp-block-embed aligncenter is-type-video is-provider-youtube wp-block-embed-youtube wp-embed-aspect-16-9 wp-has-aspect-ratio\"><div class=\"wp-block-embed__wrapper\">\n<iframe loading=\"lazy\" title=\"KEWENE - De la cendre sur les paupi\u00e8res\" width=\"627\" height=\"353\" src=\"https:\/\/www.youtube.com\/embed\/m2LXVgW7mno?feature=oembed\" frameborder=\"0\" allow=\"accelerometer; autoplay; clipboard-write; encrypted-media; gyroscope; picture-in-picture; web-share\" referrerpolicy=\"strict-origin-when-cross-origin\" allowfullscreen><\/iframe>\n<\/div><\/figure>\n\n\n\n<div class=\"wp-block-group\"><div class=\"wp-block-group__inner-container is-layout-constrained wp-block-group-is-layout-constrained\">\n<p class=\"has-text-align-center\"><br>KEWENE est un groupe Rennais de Rock Progressif Brut qui puise ses inspirations dans Noir D\u00e9sir, Placebo, Radiohead ou encore Muse&#8230; Le trio compos\u00e9 de Soif, Hyde et Max bouscule certaines conventions du rock et clame haut et fort son envie de vivre \u00e0 travers une musique \u00e0 la fois m\u00e9lancolique et \u00e9nergique avec des textes r\u00e9dig\u00e9s \u00e0 la plume de Moli\u00e8res:<\/p>\n\n\n\n<p class=\"has-text-align-center\"><strong>\u00ab&nbsp;Entre la douceur d\u2019une claque et la violence d\u2019une caresse&nbsp;\u00bb<\/strong>.<\/p>\n\n\n\n<p class=\"has-text-align-center\">&nbsp;Venez donc d\u00e9couvrir <a href=\"https:\/\/www.kewene-rock.com\/?page_id=27\">le groupe<\/a>, son histoire et ses acteurs. Pour ceux qui nous ont suivis lors de nos derni\u00e8res repr\u00e9sentations, vous pourrez retrouver des <a href=\"https:\/\/www.kewene-rock.com\/?page_id=75\">vid\u00e9os<\/a> ainsi que des <a href=\"https:\/\/www.kewene-rock.com\/?page_id=29\">photos<\/a>.<\/p>\n\n\n\n<p class=\"has-text-align-center\">&nbsp;Vous trouverez nos derni\u00e8res actualit\u00e9s et les dates de nos prochains concerts. Vous pourrez m\u00eame acheter tr\u00e8s bient\u00f4t nos T-shirts et CD directement via la <a href=\"https:\/\/www.kewene-rock.com\/?page_id=34\">Boutique<\/a> !<\/p>\n\n\n\n<p class=\"has-text-align-center\">&nbsp;Rendez-vous en live, dans les commentaires ou sur les r\u00e9seaux sociaux !<\/p>\n\n\n\n<p>KEWENE<\/p>\n<\/div><\/div>\n","protected":false},"excerpt":{"rendered":"<p>KEWENE est un groupe Rennais de Rock Progressif Brut qui puise ses inspirations dans Noir D\u00e9sir, Placebo, Radiohead ou encore Muse&#8230; Le trio compos\u00e9 de Soif, Hyde et Max bouscule certaines conventions du rock et clame haut et fort son envie de vivre \u00e0 travers une musique \u00e0 la fois m\u00e9lancolique et \u00e9nergique avec des [&hellip;]<\/p>\n","protected":false},"author":1,"featured_media":0,"parent":0,"menu_order":0,"comment_status":"closed","ping_status":"closed","template":"","meta":{"footnotes":""},"class_list":["post-22","page","type-page","status-publish","hentry"],"_links":{"self":[{"href":"https:\/\/www.kewene-rock.com\/index.php?rest_route=\/wp\/v2\/pages\/22","targetHints":{"allow":["GET"]}}],"collection":[{"href":"https:\/\/www.kewene-rock.com\/index.php?rest_route=\/wp\/v2\/pages"}],"about":[{"href":"https:\/\/www.kewene-rock.com\/index.php?rest_route=\/wp\/v2\/types\/page"}],"author":[{"embeddable":true,"href":"https:\/\/www.kewene-rock.com\/index.php?rest_route=\/wp\/v2\/users\/1"}],"replies":[{"embeddable":true,"href":"https:\/\/www.kewene-rock.com\/index.php?rest_route=%2Fwp%2Fv2%2Fcomments&post=22"}],"version-history":[{"count":14,"href":"https:\/\/www.kewene-rock.com\/index.php?rest_route=\/wp\/v2\/pages\/22\/revisions"}],"predecessor-version":[{"id":381,"href":"https:\/\/www.kewene-rock.com\/index.php?rest_route=\/wp\/v2\/pages\/22\/revisions\/381"}],"wp:attachment":[{"href":"https:\/\/www.kewene-rock.com\/index.php?rest_route=%2Fwp%2Fv2%2Fmedia&parent=22"}],"curies":[{"name":"wp","href":"https:\/\/api.w.org\/{rel}","templated":true}]}}