{"id":27,"date":"2024-03-27T16:17:43","date_gmt":"2024-03-27T15:17:43","guid":{"rendered":"https:\/\/www.kewene-rock.com\/?page_id=27"},"modified":"2024-03-29T22:08:08","modified_gmt":"2024-03-29T21:08:08","slug":"le-groupe","status":"publish","type":"page","link":"https:\/\/www.kewene-rock.com\/?page_id=27","title":{"rendered":"LE GROUPE"},"content":{"rendered":"<div class=\"wp-block-image wp-duotone-unset-1\">\n<figure class=\"aligncenter size-full is-resized\"><img loading=\"lazy\" decoding=\"async\" width=\"3807\" height=\"2848\" src=\"https:\/\/www.kewene-rock.com\/wp-content\/uploads\/2024\/03\/k-44.jpg\" alt=\"\" class=\"wp-image-300\" style=\"width:440px;height:auto\"\/><\/figure>\n<\/div>\n\n\n<p class=\"has-text-align-center\">KEWENE est compos\u00e9 d\u2019un trio&nbsp;de potes partageant la m\u00eame passion de la musique !<\/p>\n\n\n\n<p class=\"has-text-align-center\">Nos \u00e9motions, nos influences musicales diverses et compl\u00e9mentaires<\/p>\n\n\n\n<p class=\"has-text-align-center\">ainsi que notre \u00e9nergie sur sc\u00e8ne vous emm\u00e8nent \u00e0<\/p>\n\n\n\n<p class=\"has-text-align-center\">d\u00e9couvrir notre univers\u2026<\/p>\n\n\n<div class=\"wp-block-image\">\n<figure class=\"aligncenter size-full is-resized\"><img loading=\"lazy\" decoding=\"async\" width=\"2848\" height=\"4272\" src=\"https:\/\/www.kewene-rock.com\/wp-content\/uploads\/2024\/03\/k-34.jpg\" alt=\"&quot;Soif&quot; - Guitare \/ Chant\" class=\"wp-image-297\" style=\"width:288px;height:auto\"\/><figcaption class=\"wp-element-caption\">\u00ab\u00a0Soif\u00a0\u00bb &#8211; Guitare \/ Chant<\/figcaption><\/figure>\n<\/div>\n\n<div class=\"wp-block-image\">\n<figure class=\"aligncenter size-full is-resized\"><img loading=\"lazy\" decoding=\"async\" width=\"2848\" height=\"4272\" src=\"https:\/\/www.kewene-rock.com\/wp-content\/uploads\/2024\/03\/k-21.jpg\" alt=\"&quot;Hyde&quot; - Basse\" class=\"wp-image-295\" style=\"width:290px;height:auto\"\/><figcaption class=\"wp-element-caption\">\u00ab\u00a0Hyde\u00a0\u00bb &#8211; Basse<\/figcaption><\/figure>\n<\/div>\n\n<div class=\"wp-block-image\">\n<figure class=\"aligncenter size-full is-resized\"><img loading=\"lazy\" decoding=\"async\" width=\"2848\" height=\"4272\" src=\"https:\/\/www.kewene-rock.com\/wp-content\/uploads\/2024\/03\/k-25.jpg\" alt=\"&quot;Max&quot; - Batterie\" class=\"wp-image-296\" style=\"width:282px;height:auto\"\/><figcaption class=\"wp-element-caption\">\u00ab\u00a0Max\u00a0\u00bb &#8211; Batterie<\/figcaption><\/figure>\n<\/div>\n\n<div class=\"wp-block-image\">\n<figure class=\"aligncenter size-full is-resized\"><img loading=\"lazy\" decoding=\"async\" width=\"4272\" height=\"2848\" src=\"https:\/\/www.kewene-rock.com\/wp-content\/uploads\/2024\/03\/k-35.jpg\" alt=\"\" class=\"wp-image-298\" style=\"width:465px;height:auto\"\/><\/figure>\n<\/div>","protected":false},"excerpt":{"rendered":"<p>KEWENE est compos\u00e9 d\u2019un trio&nbsp;de potes partageant la m\u00eame passion de la musique ! Nos \u00e9motions, nos influences musicales diverses et compl\u00e9mentaires ainsi que notre \u00e9nergie sur sc\u00e8ne vous emm\u00e8nent \u00e0 d\u00e9couvrir notre univers\u2026<\/p>\n","protected":false},"author":1,"featured_media":0,"parent":0,"menu_order":0,"comment_status":"closed","ping_status":"closed","template":"","meta":{"footnotes":""},"class_list":["post-27","page","type-page","status-publish","hentry"],"_links":{"self":[{"href":"https:\/\/www.kewene-rock.com\/index.php?rest_route=\/wp\/v2\/pages\/27","targetHints":{"allow":["GET"]}}],"collection":[{"href":"https:\/\/www.kewene-rock.com\/index.php?rest_route=\/wp\/v2\/pages"}],"about":[{"href":"https:\/\/www.kewene-rock.com\/index.php?rest_route=\/wp\/v2\/types\/page"}],"author":[{"embeddable":true,"href":"https:\/\/www.kewene-rock.com\/index.php?rest_route=\/wp\/v2\/users\/1"}],"replies":[{"embeddable":true,"href":"https:\/\/www.kewene-rock.com\/index.php?rest_route=%2Fwp%2Fv2%2Fcomments&post=27"}],"version-history":[{"count":7,"href":"https:\/\/www.kewene-rock.com\/index.php?rest_route=\/wp\/v2\/pages\/27\/revisions"}],"predecessor-version":[{"id":305,"href":"https:\/\/www.kewene-rock.com\/index.php?rest_route=\/wp\/v2\/pages\/27\/revisions\/305"}],"wp:attachment":[{"href":"https:\/\/www.kewene-rock.com\/index.php?rest_route=%2Fwp%2Fv2%2Fmedia&parent=27"}],"curies":[{"name":"wp","href":"https:\/\/api.w.org\/{rel}","templated":true}]}}