{"id":34,"date":"2024-03-27T16:20:37","date_gmt":"2024-03-27T15:20:37","guid":{"rendered":"https:\/\/www.kewene-rock.com\/?page_id=34"},"modified":"2024-03-29T23:14:17","modified_gmt":"2024-03-29T22:14:17","slug":"boutique","status":"publish","type":"page","link":"https:\/\/www.kewene-rock.com\/?page_id=34","title":{"rendered":"BOUTIQUE"},"content":{"rendered":"\n<p class=\"has-text-align-center\"><strong>Les&nbsp; T-SHIRTS KEWENE<\/strong><\/p>\n\n\n<div class=\"wp-block-image\">\n<figure class=\"aligncenter size-full is-resized\"><img loading=\"lazy\" decoding=\"async\" width=\"300\" height=\"168\" src=\"https:\/\/www.kewene-rock.com\/wp-content\/uploads\/2024\/03\/T-shirts-photos.jpg\" alt=\"\" class=\"wp-image-331\" style=\"width:420px;height:auto\"\/><\/figure>\n<\/div>\n\n\n<p class=\"has-text-align-center\">Disponible au prix de 10 euros<\/p>\n\n\n\n<p class=\"has-text-align-center\">&nbsp;&nbsp;Vous pouvez les commander en mod\u00e8le homme ou<\/p>\n\n\n\n<p class=\"has-text-align-center\">femme dans diff\u00e9rentes tailles (S, M, L ou XL)<\/p>\n\n\n\n<p class=\"has-text-align-center\">\u00e0 l\u2019adresse mail du groupe:&nbsp;<strong>fmkewene@gmail.com<\/strong><\/p>\n\n\n\n<p class=\"has-text-align-center\"><strong>Les supports \u00ab&nbsp;cd&nbsp;\u00bb:<\/strong><\/p>\n\n\n\n<p class=\"has-text-align-center\">Les diff\u00e9rents opus du groupe, visible dans notre rubrique<\/p>\n\n\n\n<p class=\"has-text-align-center\">discographie sont aussi \u00e0 commander via le mail suivant:<br><br><strong>fmkewene@gmail.com<\/strong><br><\/p>\n","protected":false},"excerpt":{"rendered":"<p>Les&nbsp; T-SHIRTS KEWENE Disponible au prix de 10 euros &nbsp;&nbsp;Vous pouvez les commander en mod\u00e8le homme ou femme dans diff\u00e9rentes tailles (S, M, L ou XL) \u00e0 l\u2019adresse mail du groupe:&nbsp;fmkewene@gmail.com Les supports \u00ab&nbsp;cd&nbsp;\u00bb: Les diff\u00e9rents opus du groupe, visible dans notre rubrique discographie sont aussi \u00e0 commander via le mail suivant: fmkewene@gmail.com<\/p>\n","protected":false},"author":1,"featured_media":0,"parent":0,"menu_order":0,"comment_status":"closed","ping_status":"closed","template":"","meta":{"footnotes":""},"class_list":["post-34","page","type-page","status-publish","hentry"],"_links":{"self":[{"href":"https:\/\/www.kewene-rock.com\/index.php?rest_route=\/wp\/v2\/pages\/34","targetHints":{"allow":["GET"]}}],"collection":[{"href":"https:\/\/www.kewene-rock.com\/index.php?rest_route=\/wp\/v2\/pages"}],"about":[{"href":"https:\/\/www.kewene-rock.com\/index.php?rest_route=\/wp\/v2\/types\/page"}],"author":[{"embeddable":true,"href":"https:\/\/www.kewene-rock.com\/index.php?rest_route=\/wp\/v2\/users\/1"}],"replies":[{"embeddable":true,"href":"https:\/\/www.kewene-rock.com\/index.php?rest_route=%2Fwp%2Fv2%2Fcomments&post=34"}],"version-history":[{"count":5,"href":"https:\/\/www.kewene-rock.com\/index.php?rest_route=\/wp\/v2\/pages\/34\/revisions"}],"predecessor-version":[{"id":335,"href":"https:\/\/www.kewene-rock.com\/index.php?rest_route=\/wp\/v2\/pages\/34\/revisions\/335"}],"wp:attachment":[{"href":"https:\/\/www.kewene-rock.com\/index.php?rest_route=%2Fwp%2Fv2%2Fmedia&parent=34"}],"curies":[{"name":"wp","href":"https:\/\/api.w.org\/{rel}","templated":true}]}}