{"id":36,"date":"2024-03-27T16:20:54","date_gmt":"2024-03-27T15:20:54","guid":{"rendered":"https:\/\/www.kewene-rock.com\/?page_id=36"},"modified":"2024-03-28T17:55:09","modified_gmt":"2024-03-28T16:55:09","slug":"espace-pro","status":"publish","type":"page","link":"https:\/\/www.kewene-rock.com\/?page_id=36","title":{"rendered":"ESPACE PRO"},"content":{"rendered":"<div class=\"wp-block-image\">\n<figure class=\"aligncenter size-full is-resized\"><img loading=\"lazy\" decoding=\"async\" width=\"800\" height=\"533\" src=\"https:\/\/www.kewene-rock.com\/wp-content\/uploads\/2024\/03\/Faune-210610-Kewene-w-145.jpg\" alt=\"\" class=\"wp-image-160\" style=\"width:312px;height:auto\"\/><\/figure>\n<\/div>\n\n\n<p class=\"has-text-align-center\">Cet espace est d\u00e9di\u00e9 aux professionnels, ing\u00e9s sons, techniciens lumi\u00e8res, festivaliers ou toute personne souhaitant&nbsp;avoir des informations sur la logistique du groupe !<\/p>\n\n\n\n<p class=\"has-text-align-center\">Vous trouverez en pi\u00e8ce jointe le <a href=\"https:\/\/www.kewene-rock.com\/wp-content\/uploads\/2024\/03\/KEWENE-RIDER.pdf\" data-type=\"link\" data-id=\"https:\/\/www.kewene-rock.com\/wp-content\/uploads\/2024\/03\/KEWENE-RIDER.pdf\">RIDER<\/a> complet comprenant la fiche technique, les demandes des musiciens ainsi que le plan de sc\u00e8ne.<\/p>\n","protected":false},"excerpt":{"rendered":"<p>Cet espace est d\u00e9di\u00e9 aux professionnels, ing\u00e9s sons, techniciens lumi\u00e8res, festivaliers ou toute personne souhaitant&nbsp;avoir des informations sur la logistique du groupe ! Vous trouverez en pi\u00e8ce jointe le RIDER complet comprenant la fiche technique, les demandes des musiciens ainsi que le plan de sc\u00e8ne.<\/p>\n","protected":false},"author":1,"featured_media":0,"parent":0,"menu_order":0,"comment_status":"closed","ping_status":"closed","template":"","meta":{"footnotes":""},"class_list":["post-36","page","type-page","status-publish","hentry"],"_links":{"self":[{"href":"https:\/\/www.kewene-rock.com\/index.php?rest_route=\/wp\/v2\/pages\/36","targetHints":{"allow":["GET"]}}],"collection":[{"href":"https:\/\/www.kewene-rock.com\/index.php?rest_route=\/wp\/v2\/pages"}],"about":[{"href":"https:\/\/www.kewene-rock.com\/index.php?rest_route=\/wp\/v2\/types\/page"}],"author":[{"embeddable":true,"href":"https:\/\/www.kewene-rock.com\/index.php?rest_route=\/wp\/v2\/users\/1"}],"replies":[{"embeddable":true,"href":"https:\/\/www.kewene-rock.com\/index.php?rest_route=%2Fwp%2Fv2%2Fcomments&post=36"}],"version-history":[{"count":6,"href":"https:\/\/www.kewene-rock.com\/index.php?rest_route=\/wp\/v2\/pages\/36\/revisions"}],"predecessor-version":[{"id":168,"href":"https:\/\/www.kewene-rock.com\/index.php?rest_route=\/wp\/v2\/pages\/36\/revisions\/168"}],"wp:attachment":[{"href":"https:\/\/www.kewene-rock.com\/index.php?rest_route=%2Fwp%2Fv2%2Fmedia&parent=36"}],"curies":[{"name":"wp","href":"https:\/\/api.w.org\/{rel}","templated":true}]}}